{"id":136,"date":"2018-01-16T19:02:11","date_gmt":"2018-01-16T19:02:11","guid":{"rendered":"http:\/\/ventheband.com\/caligari2\/?page_id=136"},"modified":"2018-10-05T07:07:33","modified_gmt":"2018-10-05T07:07:33","slug":"live-2","status":"publish","type":"page","link":"https:\/\/ventheband.com\/caligari\/","title":{"rendered":"live"},"content":{"rendered":"<h6>oct 20 2018 &#8211; ZALAEGERSZEG<\/h6>\n<p>D\u00edszm\u0171vel\u0151d\u00e9s<\/p>\n<p><a href=\"https:\/\/www.facebook.com\/events\/248522752533487\/\">https:\/\/www.facebook.com\/events\/248522752533487\/<\/a><\/p>\n<h6>july 26 2018 &#8211; VIG\u00c1NTPETEND<\/h6>\n<p>The Valley of the Arts Festival | Vig\u00e1ntpetend | Cirque du T\u00f3kert<\/p>\n<p><a href=\"http:\/\/www.muveszetekvolgye.hu\/\">http:\/\/www.muveszetekvolgye.hu\/<\/a><\/p>\n<p>The Valley of the Arts is the oldest among the major festivals of Hungary as it was started in 1989 with the aim of promoting Kapolcs region&#8217;s cultural and economic values. The first festival engaged a few hundred visitors and a dozen of performers only in a cosy, familiar, friendly atmosphere. Due to the festival\u2019s long history, the Valley of the Arts has become and grown into a real cultural brand. Quality, value, culture, modern art, diversity &#8211; these are the buzzwords that describe the ten days long festival. (source:&nbsp;https:\/\/www.facebook.com\/pg\/muveszetekvolgye\/about\/?ref=page_internal)<\/p>\n<h6>july 10 2018 &#8211; LJUTOMER (SLO)<\/h6>\n<p>Grossmann Fantastic Film and Wine Festival<\/p>\n<p><a href=\"http:\/\/www.grossmann.si\/home\/\" target=\"_blank\" rel=\"noopener\">http:\/\/www.grossmann.si\/home\/<\/a><\/p>\n<p>Since 2010, Grossmann Fantastic Film and Wine Festival is an adherent member of the European Fantastic Film Festivals federation (EFFFF).<\/p>\n<p>Festival was launched in 2005 on 100th anniversary of Slovenian cinematography in Ljutomer, where first Slovenian motion pictures were made by the hand of Dr. Karol Grossmann. Initiated by Film Practice Plan 9, Development Agency of Prlekija and with help of European Structural Fund, one of the first international festivals dedicated to genre cinema in the region was put on the map. It featured a selection of unconventional movies and numerous film guests, which was something quite uncommon for Slovenian conditions. This tradition was carried on successfully, program and accompanying activities were constantly upgraded and with time Grossmann became one of most interesting film events in this part of Europe. With indispensable addition of wine &#8211; the pride and joy of Prlekija region &#8211; in the festival equation, completely new horizons of gastronomical pleasures were open to all our guests and visitors.<\/p>\n<h6>july 7 2018 &#8211; SZENTB\u00c9KK\u00c1LLA<\/h6>\n<p>Pegazus udvar<\/p>\n<p><a href=\"https:\/\/www.facebook.com\/pgzs.hu\/\">https:\/\/www.facebook.com\/pgzs.hu\/<\/a><\/p>\n<h6>july 1 2018 &#8211; BUDAPEST<\/h6>\n<p>VALYO Kik\u00f6t\u0151 (Haj\u00f3\u00e1llom\u00e1s 1.)<\/p>\n<p><a href=\"https:\/\/www.facebook.com\/valyokikoto\/\">https:\/\/www.facebook.com\/valyokikoto\/<\/a><\/p>\n<p><span class=\"_5yl5\">The concept of VALYO KIK\u00d6T\u0150 (Port Valyo) is to renew the more thousands of square meter area and former port facility, next to R\u00e1k\u00f3czi bridge by communal and cultural urban development means. VALYO KIK\u00d6T\u0150 is a venue for 300-500 people, which runs continuously in the summer, suitable for outdoor movie screenings, concerts, performances, space for children&#8217;s workshops, workshops, trainings, sports programs, art festivals and cultural events.<\/span><\/p>\n<h6>june 15 2018 &#8211; S\u00c1RV\u00c1R<\/h6>\n<p>Alternat\u00edv Zenei Klub<\/p>\n<p><a href=\"http:\/\/azk.hu\/\" target=\"_blank\" rel=\"noopener\">http:\/\/azk.hu\/<\/a><\/p>\n<p>AZK is close to our heart, it\u2019s one of the country\u2019s best clubs . We are happy to present our refurbished version of Dr Caligari here for the very first time!<\/p>\n<h6>sept 25 2015 &#8211; BUDAPEST<\/h6>\n<p>M\u00dcSZI<\/p>\n<p><a href=\"http:\/\/muszi.org\/\" target=\"_blank\" rel=\"noopener\">http:\/\/muszi.org\/<\/a><\/p>\n<p>M\u0171vel\u0151d\u00e9si Szint (Community &amp; Art Floor, in Hungarian) or in short&nbsp;M\u00fcszi&nbsp;is an independent complex cultural space, an incubation house for artists and activists, a space hosting community arts projects, creative workshops and various cultural and social events open for the general public.&nbsp;M\u00fcszi&nbsp;is an open minded meeting place which opened its doors in September 2012, and has become a junction in the cultural life of Budapest, hosting an average of 120 various events per month.<\/p>\n<h6>sept 20 2014 &#8211; ZALAEGERSZEG<\/h6>\n<p>Keresztury Dezs\u0151 \u00c1MK<\/p>\n<p>http:\/\/www.kereszturyamk.hu\/<\/p>\n<p>&nbsp;<\/p>\n<h6>contact:<\/h6>\n<p><a href=\"mailto:live@ventheband.com\">live@ventheband.com<\/a><\/p>\n","protected":false},"excerpt":{"rendered":"<p>oct 20 2018 &#8211; ZALAEGERSZEG D\u00edszm\u0171vel\u0151d\u00e9s https:\/\/www.facebook.com\/events\/248522752533487\/ july 26 2018 &#8211; VIG\u00c1NTPETEND The Valley of the Arts Festival | Vig\u00e1ntpetend | Cirque du T\u00f3kert http:\/\/www.muveszetekvolgye.hu\/ The Valley of the Arts is the oldest among the major festivals of Hungary as it was started in 1989 with the aim of promoting Kapolcs region&#8217;s cultural and economic&hellip;<a href=\"https:\/\/ventheband.com\/caligari\/\" class=\"button\">B\u0151vebben <span class=\"screen-reader-text\">live<\/span><\/a><\/p>\n","protected":false},"author":1,"featured_media":0,"parent":0,"menu_order":0,"comment_status":"closed","ping_status":"closed","template":"","meta":{"ngg_post_thumbnail":0,"jetpack_post_was_ever_published":false,"footnotes":""},"class_list":["post-136","page","type-page","status-publish","hentry"],"jetpack_sharing_enabled":true,"jetpack_shortlink":"https:\/\/wp.me\/P9xSDc-2c","_links":{"self":[{"href":"https:\/\/ventheband.com\/caligari\/wp-json\/wp\/v2\/pages\/136","targetHints":{"allow":["GET"]}}],"collection":[{"href":"https:\/\/ventheband.com\/caligari\/wp-json\/wp\/v2\/pages"}],"about":[{"href":"https:\/\/ventheband.com\/caligari\/wp-json\/wp\/v2\/types\/page"}],"author":[{"embeddable":true,"href":"https:\/\/ventheband.com\/caligari\/wp-json\/wp\/v2\/users\/1"}],"replies":[{"embeddable":true,"href":"https:\/\/ventheband.com\/caligari\/wp-json\/wp\/v2\/comments?post=136"}],"version-history":[{"count":18,"href":"https:\/\/ventheband.com\/caligari\/wp-json\/wp\/v2\/pages\/136\/revisions"}],"predecessor-version":[{"id":225,"href":"https:\/\/ventheband.com\/caligari\/wp-json\/wp\/v2\/pages\/136\/revisions\/225"}],"wp:attachment":[{"href":"https:\/\/ventheband.com\/caligari\/wp-json\/wp\/v2\/media?parent=136"}],"curies":[{"name":"wp","href":"https:\/\/api.w.org\/{rel}","templated":true}]}}